{"id":1304,"date":"2021-01-26T18:12:39","date_gmt":"2021-01-26T17:12:39","guid":{"rendered":"https:\/\/studio-ass.com\/?page_id=1304"},"modified":"2024-12-03T22:52:57","modified_gmt":"2024-12-03T21:52:57","slug":"partenaires","status":"publish","type":"page","link":"https:\/\/archisuperstory.com\/?page_id=1304","title":{"rendered":"PARTENAIRES"},"content":{"rendered":"\n<p><\/p>\n\n\n\n<p class=\"has-small-font-size\">A.A.F Moisdon &#8211; Chamb\u00e9ry<\/p>\n\n\n\n<p class=\"has-small-font-size\">Architectes &amp; ko &#8211; Grenoble<\/p>\n\n\n\n<p class=\"has-small-font-size\">Anthony Ramet Architectes &#8211; Paris<\/p>\n\n\n\n<p class=\"has-small-font-size\">Arcane Architecte &#8211; Grenoble<\/p>\n\n\n\n<p class=\"has-small-font-size\">Archigroup &#8211; Lyon<\/p>\n\n\n\n<p class=\"has-small-font-size\">Atelier AULP &#8211; Bourg-Saint-Maurice<\/p>\n\n\n\n<p class=\"has-small-font-size\">Atelier Braillon &#8211; Lyon<\/p>\n\n\n\n<p class=\"has-small-font-size\">Bouet Architectes &#8211; Rennes<\/p>\n\n\n\n<p class=\"has-small-font-size\">Christopher Chiffoleau &#8211; Paris<\/p>\n\n\n\n<p class=\"has-small-font-size\">Espace Ga\u00efa &#8211; Grenoble<\/p>\n\n\n\n<p class=\"has-small-font-size\">Indy Architectes &#8211; Grenoble<\/p>\n\n\n\n<p class=\"has-small-font-size\">Jules Billaud &#8211; Paris<\/p>\n\n\n\n<p class=\"has-small-font-size\">Kobi Lighting Studio &#8211; Ho Chi Minh City<\/p>\n\n\n\n<p class=\"has-small-font-size\">MS Architecte &#8211; Chamb\u00e9ry <\/p>\n\n\n\n<p class=\"has-small-font-size\">Murielle Claire Architecte &#8211; Jarrie<\/p>\n\n\n\n<p class=\"has-small-font-size\">Naud Passajon Architecte &#8211; Chamb\u00e9ry<\/p>\n\n\n\n<p class=\"has-small-font-size\">Nicolas Marillaud &#8211; Gen\u00e8ve <\/p>\n\n\n\n<p class=\"has-small-font-size\">Origami Architectes &#8211; Grenoble<\/p>\n\n\n\n<p class=\"has-small-font-size\">Stil Constructions &#8211; Grenoble<\/p>\n\n\n\n<p class=\"has-small-font-size\">Raan Architectes &#8211; Paris<\/p>\n\n\n\n<p class=\"has-small-font-size\">Villes et Villages Cr\u00e9ations &#8211; Saint-Martin-le-Vinoux<\/p>\n\n\n\n<p class=\"has-small-font-size\">Vinci Construction &#8211; Nanterre<\/p>\n\n\n\n<p class=\"has-small-font-size\"><\/p>\n\n\n\n<p><\/p>\n","protected":false},"excerpt":{"rendered":"<p>A.A.F Moisdon &#8211; Chamb\u00e9ry Architectes &amp; ko &#8211; Grenoble Anthony Ramet Architectes &#8211; Paris Arcane Architecte &#8211; Grenoble Archigroup &#8211; Lyon Atelier AULP &#8211; Bourg-Saint-Maurice Atelier Braillon &#8211; Lyon Bouet Architectes &#8211; Rennes Christopher Chiffoleau &#8211; Paris Espace Ga\u00efa &#8211; Grenoble Indy Architectes &#8211; Grenoble Jules Billaud &#8211; Paris Kobi Lighting Studio &#8211; Ho Chi [&hellip;]<\/p>\n","protected":false},"author":1,"featured_media":0,"parent":0,"menu_order":0,"comment_status":"closed","ping_status":"closed","template":"","meta":{"footnotes":""},"class_list":["post-1304","page","type-page","status-publish","hentry"],"yoast_head":"<!-- This site is optimized with the Yoast SEO plugin v27.4 - https:\/\/yoast.com\/product\/yoast-seo-wordpress\/ -->\n<title>Partenaires | Archisuperstory<\/title>\n<meta name=\"description\" content=\"Partenaires | Archisuperstory est un atelier de cr\u00e9ation et de communication d\u00e9di\u00e9 \u00e0 l&#039;architecture. Nous illustrons l\u2019histoire de vos projets \u00e0 travers nos visuels.\" \/>\n<meta name=\"robots\" content=\"index, follow, max-snippet:-1, max-image-preview:large, max-video-preview:-1\" \/>\n<link rel=\"canonical\" href=\"https:\/\/archisuperstory.com\/?page_id=1304\" \/>\n<meta property=\"og:locale\" content=\"fr_FR\" \/>\n<meta property=\"og:type\" content=\"article\" \/>\n<meta property=\"og:title\" content=\"Partenaires | Archisuperstory\" \/>\n<meta property=\"og:description\" content=\"Partenaires | Archisuperstory est un atelier de cr\u00e9ation et de communication d\u00e9di\u00e9 \u00e0 l&#039;architecture. Nous illustrons l\u2019histoire de vos projets \u00e0 travers nos visuels.\" \/>\n<meta property=\"og:url\" content=\"https:\/\/archisuperstory.com\/?page_id=1304\" \/>\n<meta property=\"og:site_name\" content=\"Archisuperstory\" \/>\n<meta property=\"article:publisher\" content=\"https:\/\/www.facebook.com\/archisuperstory\" \/>\n<meta property=\"article:modified_time\" content=\"2024-12-03T21:52:57+00:00\" \/>\n<meta name=\"twitter:card\" content=\"summary_large_image\" \/>\n<meta name=\"twitter:label1\" content=\"Dur\u00e9e de lecture estim\u00e9e\" \/>\n\t<meta name=\"twitter:data1\" content=\"1 minute\" \/>\n<script type=\"application\/ld+json\" class=\"yoast-schema-graph\">{\"@context\":\"https:\\\/\\\/schema.org\",\"@graph\":[{\"@type\":\"WebPage\",\"@id\":\"https:\\\/\\\/archisuperstory.com\\\/?page_id=1304\",\"url\":\"https:\\\/\\\/archisuperstory.com\\\/?page_id=1304\",\"name\":\"Partenaires | Archisuperstory\",\"isPartOf\":{\"@id\":\"https:\\\/\\\/archisuperstory.com\\\/#website\"},\"datePublished\":\"2021-01-26T17:12:39+00:00\",\"dateModified\":\"2024-12-03T21:52:57+00:00\",\"description\":\"Partenaires | Archisuperstory est un atelier de cr\u00e9ation et de communication d\u00e9di\u00e9 \u00e0 l'architecture. Nous illustrons l\u2019histoire de vos projets \u00e0 travers nos visuels.\",\"breadcrumb\":{\"@id\":\"https:\\\/\\\/archisuperstory.com\\\/?page_id=1304#breadcrumb\"},\"inLanguage\":\"fr-FR\",\"potentialAction\":[{\"@type\":\"ReadAction\",\"target\":[\"https:\\\/\\\/archisuperstory.com\\\/?page_id=1304\"]}]},{\"@type\":\"BreadcrumbList\",\"@id\":\"https:\\\/\\\/archisuperstory.com\\\/?page_id=1304#breadcrumb\",\"itemListElement\":[{\"@type\":\"ListItem\",\"position\":1,\"name\":\"Accueil\",\"item\":\"https:\\\/\\\/archisuperstory.com\\\/\"},{\"@type\":\"ListItem\",\"position\":2,\"name\":\"PARTENAIRES\"}]},{\"@type\":\"WebSite\",\"@id\":\"https:\\\/\\\/archisuperstory.com\\\/#website\",\"url\":\"https:\\\/\\\/archisuperstory.com\\\/\",\"name\":\"Archisuperstory\",\"description\":\"\",\"publisher\":{\"@id\":\"https:\\\/\\\/archisuperstory.com\\\/#organization\"},\"potentialAction\":[{\"@type\":\"SearchAction\",\"target\":{\"@type\":\"EntryPoint\",\"urlTemplate\":\"https:\\\/\\\/archisuperstory.com\\\/?s={search_term_string}\"},\"query-input\":{\"@type\":\"PropertyValueSpecification\",\"valueRequired\":true,\"valueName\":\"search_term_string\"}}],\"inLanguage\":\"fr-FR\"},{\"@type\":\"Organization\",\"@id\":\"https:\\\/\\\/archisuperstory.com\\\/#organization\",\"name\":\"Archisuperstory\",\"url\":\"https:\\\/\\\/archisuperstory.com\\\/\",\"logo\":{\"@type\":\"ImageObject\",\"inLanguage\":\"fr-FR\",\"@id\":\"https:\\\/\\\/archisuperstory.com\\\/#\\\/schema\\\/logo\\\/image\\\/\",\"url\":\"https:\\\/\\\/archisuperstory.com\\\/wp-content\\\/uploads\\\/2021\\\/05\\\/cropped-LogobWeb_archisuperstory-2-e1620748574888.png\",\"contentUrl\":\"https:\\\/\\\/archisuperstory.com\\\/wp-content\\\/uploads\\\/2021\\\/05\\\/cropped-LogobWeb_archisuperstory-2-e1620748574888.png\",\"width\":200,\"height\":64,\"caption\":\"Archisuperstory\"},\"image\":{\"@id\":\"https:\\\/\\\/archisuperstory.com\\\/#\\\/schema\\\/logo\\\/image\\\/\"},\"sameAs\":[\"https:\\\/\\\/www.facebook.com\\\/archisuperstory\",\"https:\\\/\\\/www.instagram.com\\\/archisuperstory\\\/\",\"https:\\\/\\\/www.linkedin.com\\\/company\\\/37845349\\\/admin\\\/?msgControlName=reply_to_sender&amp;amp;msgConversationId=2-MzFlOGYxMGUtZjcxMi00MzU0LTg1MzAtNDc0ODAyN2IzZmVhXzAxMw==&amp;amp;msgOverlay=true\"]}]}<\/script>\n<!-- \/ Yoast SEO plugin. -->","yoast_head_json":{"title":"Partenaires | Archisuperstory","description":"Partenaires | Archisuperstory est un atelier de cr\u00e9ation et de communication d\u00e9di\u00e9 \u00e0 l'architecture. Nous illustrons l\u2019histoire de vos projets \u00e0 travers nos visuels.","robots":{"index":"index","follow":"follow","max-snippet":"max-snippet:-1","max-image-preview":"max-image-preview:large","max-video-preview":"max-video-preview:-1"},"canonical":"https:\/\/archisuperstory.com\/?page_id=1304","og_locale":"fr_FR","og_type":"article","og_title":"Partenaires | Archisuperstory","og_description":"Partenaires | Archisuperstory est un atelier de cr\u00e9ation et de communication d\u00e9di\u00e9 \u00e0 l'architecture. Nous illustrons l\u2019histoire de vos projets \u00e0 travers nos visuels.","og_url":"https:\/\/archisuperstory.com\/?page_id=1304","og_site_name":"Archisuperstory","article_publisher":"https:\/\/www.facebook.com\/archisuperstory","article_modified_time":"2024-12-03T21:52:57+00:00","twitter_card":"summary_large_image","twitter_misc":{"Dur\u00e9e de lecture estim\u00e9e":"1 minute"},"schema":{"@context":"https:\/\/schema.org","@graph":[{"@type":"WebPage","@id":"https:\/\/archisuperstory.com\/?page_id=1304","url":"https:\/\/archisuperstory.com\/?page_id=1304","name":"Partenaires | Archisuperstory","isPartOf":{"@id":"https:\/\/archisuperstory.com\/#website"},"datePublished":"2021-01-26T17:12:39+00:00","dateModified":"2024-12-03T21:52:57+00:00","description":"Partenaires | Archisuperstory est un atelier de cr\u00e9ation et de communication d\u00e9di\u00e9 \u00e0 l'architecture. Nous illustrons l\u2019histoire de vos projets \u00e0 travers nos visuels.","breadcrumb":{"@id":"https:\/\/archisuperstory.com\/?page_id=1304#breadcrumb"},"inLanguage":"fr-FR","potentialAction":[{"@type":"ReadAction","target":["https:\/\/archisuperstory.com\/?page_id=1304"]}]},{"@type":"BreadcrumbList","@id":"https:\/\/archisuperstory.com\/?page_id=1304#breadcrumb","itemListElement":[{"@type":"ListItem","position":1,"name":"Accueil","item":"https:\/\/archisuperstory.com\/"},{"@type":"ListItem","position":2,"name":"PARTENAIRES"}]},{"@type":"WebSite","@id":"https:\/\/archisuperstory.com\/#website","url":"https:\/\/archisuperstory.com\/","name":"Archisuperstory","description":"","publisher":{"@id":"https:\/\/archisuperstory.com\/#organization"},"potentialAction":[{"@type":"SearchAction","target":{"@type":"EntryPoint","urlTemplate":"https:\/\/archisuperstory.com\/?s={search_term_string}"},"query-input":{"@type":"PropertyValueSpecification","valueRequired":true,"valueName":"search_term_string"}}],"inLanguage":"fr-FR"},{"@type":"Organization","@id":"https:\/\/archisuperstory.com\/#organization","name":"Archisuperstory","url":"https:\/\/archisuperstory.com\/","logo":{"@type":"ImageObject","inLanguage":"fr-FR","@id":"https:\/\/archisuperstory.com\/#\/schema\/logo\/image\/","url":"https:\/\/archisuperstory.com\/wp-content\/uploads\/2021\/05\/cropped-LogobWeb_archisuperstory-2-e1620748574888.png","contentUrl":"https:\/\/archisuperstory.com\/wp-content\/uploads\/2021\/05\/cropped-LogobWeb_archisuperstory-2-e1620748574888.png","width":200,"height":64,"caption":"Archisuperstory"},"image":{"@id":"https:\/\/archisuperstory.com\/#\/schema\/logo\/image\/"},"sameAs":["https:\/\/www.facebook.com\/archisuperstory","https:\/\/www.instagram.com\/archisuperstory\/","https:\/\/www.linkedin.com\/company\/37845349\/admin\/?msgControlName=reply_to_sender&amp;amp;msgConversationId=2-MzFlOGYxMGUtZjcxMi00MzU0LTg1MzAtNDc0ODAyN2IzZmVhXzAxMw==&amp;amp;msgOverlay=true"]}]}},"jetpack_sharing_enabled":true,"_links":{"self":[{"href":"https:\/\/archisuperstory.com\/index.php?rest_route=\/wp\/v2\/pages\/1304","targetHints":{"allow":["GET"]}}],"collection":[{"href":"https:\/\/archisuperstory.com\/index.php?rest_route=\/wp\/v2\/pages"}],"about":[{"href":"https:\/\/archisuperstory.com\/index.php?rest_route=\/wp\/v2\/types\/page"}],"author":[{"embeddable":true,"href":"https:\/\/archisuperstory.com\/index.php?rest_route=\/wp\/v2\/users\/1"}],"replies":[{"embeddable":true,"href":"https:\/\/archisuperstory.com\/index.php?rest_route=%2Fwp%2Fv2%2Fcomments&post=1304"}],"version-history":[{"count":9,"href":"https:\/\/archisuperstory.com\/index.php?rest_route=\/wp\/v2\/pages\/1304\/revisions"}],"predecessor-version":[{"id":1765,"href":"https:\/\/archisuperstory.com\/index.php?rest_route=\/wp\/v2\/pages\/1304\/revisions\/1765"}],"wp:attachment":[{"href":"https:\/\/archisuperstory.com\/index.php?rest_route=%2Fwp%2Fv2%2Fmedia&parent=1304"}],"curies":[{"name":"wp","href":"https:\/\/api.w.org\/{rel}","templated":true}]}}